{"id":19,"date":"2024-04-23T16:55:39","date_gmt":"2024-04-23T16:55:39","guid":{"rendered":"https:\/\/fishhouse.is\/?page_id=19"},"modified":"2024-07-25T13:58:41","modified_gmt":"2024-07-25T13:58:41","slug":"matsedill","status":"publish","type":"page","link":"https:\/\/fishhouse.is\/en\/matsedill\/","title":{"rendered":"Menu"},"content":{"rendered":"<div data-elementor-type=\"wp-page\" data-elementor-id=\"19\" class=\"elementor elementor-19\" data-elementor-post-type=\"page\">\n\t\t\t\t<div class=\"elementor-element elementor-element-2fa8276 e-grid e-con-boxed e-con e-parent\" data-id=\"2fa8276\" data-element_type=\"container\" data-e-type=\"container\">\n\t\t\t\t\t<div class=\"e-con-inner\">\n\t\t\t\t<div class=\"elementor-element elementor-element-681532f elementor-widget elementor-widget-text-editor\" data-id=\"681532f\" data-element_type=\"widget\" data-e-type=\"widget\" data-widget_type=\"text-editor.default\">\n\t\t\t\t<div class=\"elementor-widget-container\">\n\t\t\t\t\t\t\t\t\t<h2>Creamy Lobster Soup<\/h2><p class=\"Desc\">Lobster soup, white chocolate cream.<\/p><p class=\"Price\">2.990 kr.<\/p><h2>Seafood Curry Soup<\/h2><p class=\"Desc\">Flavourful seafood soup with curry and coconutmilk.<\/p><p class=\"Price\">2.890 kr.<\/p><h2>Tomato Soup<\/h2><p class=\"Desc\">Tomato Soup.  Vegan<\/p><p class=\"Price\">2.790 kr.<\/p><h2>Deepfried Haddock<\/h2><p class=\"Desc\">Tempura, potato salad &amp; harissa.<\/p><p class=\"Price\">2.990 kr.<\/p>\t\t\t\t\t\t\t\t<\/div>\n\t\t\t\t<\/div>\n\t\t\t\t<div class=\"elementor-element elementor-element-a671777 elementor-widget elementor-widget-image\" data-id=\"a671777\" data-element_type=\"widget\" data-e-type=\"widget\" data-widget_type=\"image.default\">\n\t\t\t\t<div class=\"elementor-widget-container\">\n\t\t\t\t\t\t\t\t\t\t\t\t\t\t\t<img fetchpriority=\"high\" decoding=\"async\" width=\"800\" height=\"1000\" src=\"https:\/\/fishhouse.is\/wp-content\/uploads\/2024\/05\/Saltfiskur2-819x1024.jpg\" class=\"attachment-large size-large wp-image-262\" alt=\"\" srcset=\"https:\/\/fishhouse.is\/wp-content\/uploads\/2024\/05\/Saltfiskur2-819x1024.jpg 819w, https:\/\/fishhouse.is\/wp-content\/uploads\/2024\/05\/Saltfiskur2-240x300.jpg 240w, https:\/\/fishhouse.is\/wp-content\/uploads\/2024\/05\/Saltfiskur2-768x960.jpg 768w, https:\/\/fishhouse.is\/wp-content\/uploads\/2024\/05\/Saltfiskur2-1229x1536.jpg 1229w, https:\/\/fishhouse.is\/wp-content\/uploads\/2024\/05\/Saltfiskur2-1638x2048.jpg 1638w, https:\/\/fishhouse.is\/wp-content\/uploads\/2024\/05\/Saltfiskur2-10x12.jpg 10w, https:\/\/fishhouse.is\/wp-content\/uploads\/2024\/05\/Saltfiskur2.jpg 1920w\" sizes=\"(max-width: 800px) 100vw, 800px\" \/>\t\t\t\t\t\t\t\t\t\t\t\t\t\t\t<\/div>\n\t\t\t\t<\/div>\n\t\t\t\t<div class=\"elementor-element elementor-element-2d7672b elementor-widget elementor-widget-text-editor\" data-id=\"2d7672b\" data-element_type=\"widget\" data-e-type=\"widget\" data-widget_type=\"text-editor.default\">\n\t\t\t\t<div class=\"elementor-widget-container\">\n\t\t\t\t\t\t\t\t\t<h2>Cod Tongues Tempura<\/h2>\n<p class=\"Desc\">Curry &amp; pineapple barley, tiger shrimps<\/p>\n<p class=\"Price\">3.850 kr.<\/p>\n<h2>Char &amp; Halibut Mosaic<\/h2>\n<p class=\"Desc\">Sweetpotato purr\u00e9, lime mayo &amp; salad<\/p>\n<p class=\"Price\">3.790 kr.<\/p>\n<h2>Bacalao (Salt Fish) Cake<\/h2>\n<p class=\"Desc\">Chorizo, creamed beetroot barley, beetroot glaze, chimi churi.<\/p>\n<p class=\"Price\">3.350 kr.<\/p>\n<h2>Fried Eggplant<\/h2>\n<p class=\"Desc\">Fried vegetables, beans &amp; beetroot hummus. - Vegan<\/p>\n<p class=\"Price\">3.350 kr.<\/p>\t\t\t\t\t\t\t\t<\/div>\n\t\t\t\t<\/div>\n\t\t\t\t<div class=\"elementor-element elementor-element-c6c8e53 elementor-widget elementor-widget-image\" data-id=\"c6c8e53\" data-element_type=\"widget\" data-e-type=\"widget\" data-widget_type=\"image.default\">\n\t\t\t\t<div class=\"elementor-widget-container\">\n\t\t\t\t\t\t\t\t\t\t\t\t\t\t\t<img decoding=\"async\" width=\"800\" height=\"1000\" src=\"https:\/\/fishhouse.is\/wp-content\/uploads\/2024\/05\/Bleikja2-819x1024.jpg\" class=\"attachment-large size-large wp-image-259\" alt=\"\" srcset=\"https:\/\/fishhouse.is\/wp-content\/uploads\/2024\/05\/Bleikja2-819x1024.jpg 819w, https:\/\/fishhouse.is\/wp-content\/uploads\/2024\/05\/Bleikja2-240x300.jpg 240w, https:\/\/fishhouse.is\/wp-content\/uploads\/2024\/05\/Bleikja2-768x960.jpg 768w, https:\/\/fishhouse.is\/wp-content\/uploads\/2024\/05\/Bleikja2-1229x1536.jpg 1229w, https:\/\/fishhouse.is\/wp-content\/uploads\/2024\/05\/Bleikja2-1638x2048.jpg 1638w, https:\/\/fishhouse.is\/wp-content\/uploads\/2024\/05\/Bleikja2-10x12.jpg 10w, https:\/\/fishhouse.is\/wp-content\/uploads\/2024\/05\/Bleikja2.jpg 1920w\" sizes=\"(max-width: 800px) 100vw, 800px\" \/>\t\t\t\t\t\t\t\t\t\t\t\t\t\t\t<\/div>\n\t\t\t\t<\/div>\n\t\t\t\t<div class=\"elementor-element elementor-element-d3d6309 elementor-widget elementor-widget-text-editor\" data-id=\"d3d6309\" data-element_type=\"widget\" data-e-type=\"widget\" data-widget_type=\"text-editor.default\">\n\t\t\t\t<div class=\"elementor-widget-container\">\n\t\t\t\t\t\t\t\t\t<h2>Fish House Burger<\/h2>\n<p class=\"Desc\">100 gr. rib-eye beef in focaccia bread, kimchi salad, marinated red onion, harissa mayo and potato salad.<\/p>\n<p class=\"Price\">4.190 kr.<\/p>\n<h2>Panfried Arctic Char<\/h2>\n<p class=\"Desc\">Glj\u00e1\u00f0 me\u00f0 hv\u00edtlauks, ananas og chorizo smj\u00f6ri.&nbsp; Bl\u00f3mk\u00e1lsp\u00farre, rj\u00f3mal\u00f6gu\u00f0 \u00feorskhrogn og salat.<\/p>\n<p class=\"Price\">3.850 kr.<\/p>\n<h2>Panfried Cod<\/h2>\n<p class=\"Desc\">Miso-carrotpurr\u00e9, mashed potatoes &amp; mango-curry sauce.<\/p>\n<p class=\"Price\">3.950 kr.<\/p>\n<h2>Mj\u00fakskeljarkrabbi<\/h2>\n<p class=\"Desc\">K\u00farb\u00edtspasta, salat, s\u00e6tkart\u00f6flup\u00farre, chili og lime m\u00e6j\u00f3nes.<\/p>\n<p class=\"Price\">4.290 kr.<\/p>\n<h2>Fillet of Lamb<\/h2>\n<p class=\"Desc\">Demi Glace, rau\u00f0k\u00e1lsp\u00farr\u00e9, gr\u00e6nbaunap\u00farre,&nbsp; shitake sveppir.<\/p>\n<p class=\"Price\">4.250 kr.<\/p>\t\t\t\t\t\t\t\t<\/div>\n\t\t\t\t<\/div>\n\t\t\t\t<div class=\"elementor-element elementor-element-3069781 elementor-widget elementor-widget-image\" data-id=\"3069781\" data-element_type=\"widget\" data-e-type=\"widget\" data-widget_type=\"image.default\">\n\t\t\t\t<div class=\"elementor-widget-container\">\n\t\t\t\t\t\t\t\t\t\t\t\t\t\t\t<img decoding=\"async\" width=\"800\" height=\"1000\" src=\"https:\/\/fishhouse.is\/wp-content\/uploads\/2024\/05\/THorskur2-819x1024.jpg\" class=\"attachment-large size-large wp-image-263\" alt=\"\" srcset=\"https:\/\/fishhouse.is\/wp-content\/uploads\/2024\/05\/THorskur2-819x1024.jpg 819w, https:\/\/fishhouse.is\/wp-content\/uploads\/2024\/05\/THorskur2-240x300.jpg 240w, https:\/\/fishhouse.is\/wp-content\/uploads\/2024\/05\/THorskur2-768x960.jpg 768w, https:\/\/fishhouse.is\/wp-content\/uploads\/2024\/05\/THorskur2-1229x1536.jpg 1229w, https:\/\/fishhouse.is\/wp-content\/uploads\/2024\/05\/THorskur2-1638x2048.jpg 1638w, https:\/\/fishhouse.is\/wp-content\/uploads\/2024\/05\/THorskur2-10x12.jpg 10w, https:\/\/fishhouse.is\/wp-content\/uploads\/2024\/05\/THorskur2.jpg 1920w\" sizes=\"(max-width: 800px) 100vw, 800px\" \/>\t\t\t\t\t\t\t\t\t\t\t\t\t\t\t<\/div>\n\t\t\t\t<\/div>\n\t\t\t\t\t<\/div>\n\t\t\t\t<\/div>\n\t\t\t\t<\/div>","protected":false},"excerpt":{"rendered":"<p>Rj\u00f3mal\u00f6gu\u00f0 humars\u00fapa Rj\u00f3mal\u00f6gu\u00f0 humars\u00fapa me\u00f0 hv\u00edts\u00fakkula\u00f0irj\u00f3ma. 2.990 kr. Karr\u00ed sj\u00e1varr\u00e9ttas\u00fapa Brag\u00f0mikil sj\u00e1varr\u00e9ttas\u00fapa me\u00f0 k\u00f3kosmj\u00f3lk og karr\u00ed. 2.890 kr. T\u00f3mats\u00fapa T\u00f3mats\u00fapa a\u00f0 h\u00e6tti h\u00fassins. Vegan 2.790 kr. Dj\u00fapsteikt \u00fdsa Tempura deig, kart\u00f6flusalat og harissa 2.990 kr. Gellur \u00ed Tempura Karr\u00fd og ananas bygg, t\u00edgrisr\u00e6kjur. 3.850 kr. Bleikju og l\u00fa\u00f0u M\u00f3sa\u00edk S\u00e6tkart\u00f6flu p\u00farre, lime m\u00e6j\u00f3 og salat [&hellip;]<\/p>\n","protected":false},"author":1,"featured_media":0,"parent":0,"menu_order":0,"comment_status":"closed","ping_status":"closed","template":"elementor_header_footer","meta":{"footnotes":""},"class_list":["post-19","page","type-page","status-publish","hentry"],"_links":{"self":[{"href":"https:\/\/fishhouse.is\/en\/wp-json\/wp\/v2\/pages\/19","targetHints":{"allow":["GET"]}}],"collection":[{"href":"https:\/\/fishhouse.is\/en\/wp-json\/wp\/v2\/pages"}],"about":[{"href":"https:\/\/fishhouse.is\/en\/wp-json\/wp\/v2\/types\/page"}],"author":[{"embeddable":true,"href":"https:\/\/fishhouse.is\/en\/wp-json\/wp\/v2\/users\/1"}],"replies":[{"embeddable":true,"href":"https:\/\/fishhouse.is\/en\/wp-json\/wp\/v2\/comments?post=19"}],"version-history":[{"count":40,"href":"https:\/\/fishhouse.is\/en\/wp-json\/wp\/v2\/pages\/19\/revisions"}],"predecessor-version":[{"id":395,"href":"https:\/\/fishhouse.is\/en\/wp-json\/wp\/v2\/pages\/19\/revisions\/395"}],"wp:attachment":[{"href":"https:\/\/fishhouse.is\/en\/wp-json\/wp\/v2\/media?parent=19"}],"curies":[{"name":"wp","href":"https:\/\/api.w.org\/{rel}","templated":true}]}}