{"id":52,"date":"2024-04-23T20:52:07","date_gmt":"2024-04-23T20:52:07","guid":{"rendered":"https:\/\/fishhouse.is\/?page_id=52"},"modified":"2025-09-19T12:03:15","modified_gmt":"2025-09-19T12:03:15","slug":"um-okkur","status":"publish","type":"page","link":"https:\/\/fishhouse.is\/en\/um-okkur\/","title":{"rendered":"About us"},"content":{"rendered":"<div data-elementor-type=\"wp-page\" data-elementor-id=\"52\" class=\"elementor elementor-52\" data-elementor-post-type=\"page\">\n\t\t\t\t<div class=\"elementor-element elementor-element-825c4f0 e-grid e-con-boxed e-con e-parent\" data-id=\"825c4f0\" data-element_type=\"container\" data-e-type=\"container\" data-settings=\"{&quot;background_background&quot;:&quot;slideshow&quot;,&quot;background_slideshow_gallery&quot;:[],&quot;background_slideshow_loop&quot;:&quot;yes&quot;,&quot;background_slideshow_slide_duration&quot;:5000,&quot;background_slideshow_slide_transition&quot;:&quot;fade&quot;,&quot;background_slideshow_transition_duration&quot;:500}\">\n\t\t\t\t\t<div class=\"e-con-inner\">\n\t\t\t\t<div class=\"elementor-element elementor-element-56b99f3 elementor-widget elementor-widget-image\" data-id=\"56b99f3\" data-element_type=\"widget\" data-e-type=\"widget\" data-widget_type=\"image.default\">\n\t\t\t\t<div class=\"elementor-widget-container\">\n\t\t\t\t\t\t\t\t\t\t\t\t\t\t\t<img fetchpriority=\"high\" decoding=\"async\" width=\"800\" height=\"639\" src=\"https:\/\/fishhouse.is\/wp-content\/uploads\/2024\/04\/Bar-1024x818.jpg\" class=\"attachment-large size-large wp-image-166\" alt=\"\" srcset=\"https:\/\/fishhouse.is\/wp-content\/uploads\/2024\/04\/Bar-1024x818.jpg 1024w, https:\/\/fishhouse.is\/wp-content\/uploads\/2024\/04\/Bar-300x240.jpg 300w, https:\/\/fishhouse.is\/wp-content\/uploads\/2024\/04\/Bar-768x613.jpg 768w, https:\/\/fishhouse.is\/wp-content\/uploads\/2024\/04\/Bar-15x12.jpg 15w, https:\/\/fishhouse.is\/wp-content\/uploads\/2024\/04\/Bar.jpg 1261w\" sizes=\"(max-width: 800px) 100vw, 800px\" \/>\t\t\t\t\t\t\t\t\t\t\t\t\t\t\t<\/div>\n\t\t\t\t<\/div>\n\t\t\t\t<div class=\"elementor-element elementor-element-4b94496 elementor-widget elementor-widget-text-editor\" data-id=\"4b94496\" data-element_type=\"widget\" data-e-type=\"widget\" data-widget_type=\"text-editor.default\">\n\t\t\t\t<div class=\"elementor-widget-container\">\n\t\t\t\t\t\t\t\t\t<h2>Fish House Bar&amp;Grill<\/h2><p>Fish House er fj\u00f6lskyldu rekinn veitingasta\u00f0ur \u00ed Grindav\u00edk opna\u00f0ur 2016<br \/><br \/><\/p>\t\t\t\t\t\t\t\t<\/div>\n\t\t\t\t<\/div>\n\t\t\t\t<div class=\"elementor-element elementor-element-1e407bb elementor-widget elementor-widget-image\" data-id=\"1e407bb\" data-element_type=\"widget\" data-e-type=\"widget\" data-widget_type=\"image.default\">\n\t\t\t\t<div class=\"elementor-widget-container\">\n\t\t\t\t\t\t\t\t\t\t\t\t\t\t\t<img decoding=\"async\" width=\"2000\" height=\"1052\" src=\"https:\/\/fishhouse.is\/wp-content\/uploads\/2024\/04\/GrindavikSplash.jpg\" class=\"attachment-2048x2048 size-2048x2048 wp-image-147\" alt=\"\" srcset=\"https:\/\/fishhouse.is\/wp-content\/uploads\/2024\/04\/GrindavikSplash.jpg 2000w, https:\/\/fishhouse.is\/wp-content\/uploads\/2024\/04\/GrindavikSplash-300x158.jpg 300w, https:\/\/fishhouse.is\/wp-content\/uploads\/2024\/04\/GrindavikSplash-1024x539.jpg 1024w, https:\/\/fishhouse.is\/wp-content\/uploads\/2024\/04\/GrindavikSplash-768x404.jpg 768w, https:\/\/fishhouse.is\/wp-content\/uploads\/2024\/04\/GrindavikSplash-1536x808.jpg 1536w, https:\/\/fishhouse.is\/wp-content\/uploads\/2024\/04\/GrindavikSplash-18x9.jpg 18w\" sizes=\"(max-width: 2000px) 100vw, 2000px\" \/>\t\t\t\t\t\t\t\t\t\t\t\t\t\t\t<\/div>\n\t\t\t\t<\/div>\n\t\t\t\t\t<\/div>\n\t\t\t\t<\/div>\n\t\t<div class=\"elementor-element elementor-element-347dd15 e-flex e-con-boxed e-con e-parent\" data-id=\"347dd15\" data-element_type=\"container\" data-e-type=\"container\">\n\t\t\t\t\t<div class=\"e-con-inner\">\n\t\t\t\t<div class=\"elementor-element elementor-element-b085b7b elementor-widget elementor-widget-google_maps\" data-id=\"b085b7b\" data-element_type=\"widget\" data-e-type=\"widget\" data-widget_type=\"google_maps.default\">\n\t\t\t\t<div class=\"elementor-widget-container\">\n\t\t\t\t\t\t\t<div class=\"elementor-custom-embed\">\n\t\t\t<iframe loading=\"lazy\"\n\t\t\t\t\tsrc=\"https:\/\/maps.google.com\/maps?q=Fishhouse%20Bar&#038;t=m&#038;z=10&#038;output=embed&#038;iwloc=near\"\n\t\t\t\t\ttitle=\"Fishhouse Bar\"\n\t\t\t\t\taria-label=\"Fishhouse Bar\"\n\t\t\t><\/iframe>\n\t\t<\/div>\n\t\t\t\t\t\t<\/div>\n\t\t\t\t<\/div>\n\t\t\t\t\t<\/div>\n\t\t\t\t<\/div>\n\t\t\t\t<\/div>","protected":false},"excerpt":{"rendered":"<p>Fish House Bar&amp;Grill Fish House er fj\u00f6lskyldu rekinn veitingasta\u00f0ur \u00ed Grindav\u00edk opna\u00f0ur 2016<\/p>","protected":false},"author":1,"featured_media":0,"parent":0,"menu_order":0,"comment_status":"closed","ping_status":"closed","template":"","meta":{"footnotes":""},"class_list":["post-52","page","type-page","status-publish","hentry"],"_links":{"self":[{"href":"https:\/\/fishhouse.is\/en\/wp-json\/wp\/v2\/pages\/52","targetHints":{"allow":["GET"]}}],"collection":[{"href":"https:\/\/fishhouse.is\/en\/wp-json\/wp\/v2\/pages"}],"about":[{"href":"https:\/\/fishhouse.is\/en\/wp-json\/wp\/v2\/types\/page"}],"author":[{"embeddable":true,"href":"https:\/\/fishhouse.is\/en\/wp-json\/wp\/v2\/users\/1"}],"replies":[{"embeddable":true,"href":"https:\/\/fishhouse.is\/en\/wp-json\/wp\/v2\/comments?post=52"}],"version-history":[{"count":61,"href":"https:\/\/fishhouse.is\/en\/wp-json\/wp\/v2\/pages\/52\/revisions"}],"predecessor-version":[{"id":429,"href":"https:\/\/fishhouse.is\/en\/wp-json\/wp\/v2\/pages\/52\/revisions\/429"}],"wp:attachment":[{"href":"https:\/\/fishhouse.is\/en\/wp-json\/wp\/v2\/media?parent=52"}],"curies":[{"name":"wp","href":"https:\/\/api.w.org\/{rel}","templated":true}]}}